{"id":71,"date":"2019-01-01T20:21:45","date_gmt":"2019-01-01T20:21:45","guid":{"rendered":"http:\/\/wanderverein-alpenrose.de\/?page_id=71"},"modified":"2024-12-13T09:33:50","modified_gmt":"2024-12-13T09:33:50","slug":"aktuelle-veranstaltungen","status":"publish","type":"page","link":"https:\/\/wanderverein-alpenrose.de\/","title":{"rendered":"Aktuelle Meldungen"},"content":{"rendered":"\n<h4 class=\"wp-block-heading\">Ausblick auf das Wanderjahr 2025:<\/h4>\n\n\n\n<p class=\"has-medium-font-size\"><strong>Liebe Mitglieder und Freunde des Wandervereins Alpenrose<\/strong>,<\/p>\n\n\n\n<p class=\"has-medium-font-size\">Im Wanderjahr 2025 haben wir wieder eine Vielfalt von Aktionen geplant. Auf drei davon will ich hier noch einmal besonders hinweisen:<\/p>\n\n\n\n<p class=\"has-medium-font-size\">01. bis 04. Mai: Unser diesj\u00e4hriges Wander-Wochenende f\u00fchrt uns in die Vogesen und ins Elsass. Wir werden durch naturbelassene W\u00e4lder streifen und gemeinsam die Vielf\u00e4ltigkeit der herrlichen Landschaft dort erkunden.<\/p>\n\n\n\n<p class=\"has-medium-font-size\">Die Alpentour 2025 f\u00fchrt uns in diesem Jahr in das herrliche Salzburger Land. Wir haben wieder tolle Alm-Wanderungen, Wanderstrecken und Klettersteig-Touren herausgesucht. Wir n\u00e4chtigen in Einzel- bzw. Doppelzimmer. Wir freuen uns auf tolle Erlebnisse und die sch\u00f6nen Stunden zusammen am Abend in der Unterkunft.<\/p>\n\n\n\n<p class=\"has-medium-font-size\">Dann werden wir nat\u00fcrlich, in diesem Jahr wieder unser traditionelles K\u00fcrbisfest (am 03.10.) auf der Leisbergh\u00fctte durchf\u00fchren und gemeinsam mit unseren kleinen und gro\u00dfen G\u00e4sten feiern.<\/p>\n\n\n\n<p class=\"has-medium-font-size\">Es wird ein spannendes und abwechslungsreiches Jahr, wir freuen uns darauf!<\/p>\n\n\n\n<p class=\"has-medium-font-size\">Es gr\u00fc\u00dft Euch herzlich, die Vorstandschaft: Roland, Reinhard, Otto und Susanna<\/p>\n","protected":false},"excerpt":{"rendered":"<p>Ausblick auf das Wanderjahr 2025: Liebe Mitglieder und Freunde des Wandervereins Alpenrose, Im Wanderjahr 2025 haben wir wieder eine Vielfalt von Aktionen geplant. Auf drei davon will ich hier noch einmal besonders hinweisen: 01. bis 04. Mai: Unser diesj\u00e4hriges Wander-Wochenende f\u00fchrt uns in die Vogesen und ins Elsass. Wir werden durch naturbelassene W\u00e4lder streifen und &#8230; <a title=\"Aktuelle Meldungen\" class=\"read-more\" href=\"https:\/\/wanderverein-alpenrose.de\/\">weiterlesen<span class=\"screen-reader-text\">Aktuelle Meldungen<\/span><\/a><\/p>\n","protected":false},"author":1,"featured_media":0,"parent":0,"menu_order":0,"comment_status":"closed","ping_status":"closed","template":"","meta":{"footnotes":""},"class_list":["post-71","page","type-page","status-publish"],"_links":{"self":[{"href":"https:\/\/wanderverein-alpenrose.de\/index.php?rest_route=\/wp\/v2\/pages\/71","targetHints":{"allow":["GET"]}}],"collection":[{"href":"https:\/\/wanderverein-alpenrose.de\/index.php?rest_route=\/wp\/v2\/pages"}],"about":[{"href":"https:\/\/wanderverein-alpenrose.de\/index.php?rest_route=\/wp\/v2\/types\/page"}],"author":[{"embeddable":true,"href":"https:\/\/wanderverein-alpenrose.de\/index.php?rest_route=\/wp\/v2\/users\/1"}],"replies":[{"embeddable":true,"href":"https:\/\/wanderverein-alpenrose.de\/index.php?rest_route=%2Fwp%2Fv2%2Fcomments&post=71"}],"version-history":[{"count":33,"href":"https:\/\/wanderverein-alpenrose.de\/index.php?rest_route=\/wp\/v2\/pages\/71\/revisions"}],"predecessor-version":[{"id":327,"href":"https:\/\/wanderverein-alpenrose.de\/index.php?rest_route=\/wp\/v2\/pages\/71\/revisions\/327"}],"wp:attachment":[{"href":"https:\/\/wanderverein-alpenrose.de\/index.php?rest_route=%2Fwp%2Fv2%2Fmedia&parent=71"}],"curies":[{"name":"wp","href":"https:\/\/api.w.org\/{rel}","templated":true}]}}